{"id":119,"date":"2018-03-30T07:26:56","date_gmt":"2018-03-30T05:26:56","guid":{"rendered":"http:\/\/bridge198.qodeinteractive.com\/?page_id=119"},"modified":"2023-10-20T16:33:18","modified_gmt":"2023-10-20T14:33:18","slug":"seminaires","status":"publish","type":"page","link":"https:\/\/www.hotelarcadien.com\/he\/%d7%a1%d7%9e%d7%99%d7%a0%d7%a8%d7%99%d7%9d\/","title":{"rendered":"\u05e1\u05de\u05d9\u05e0\u05e8\u05d9\u05dd"},"content":{"rendered":"<div      class=\"vc_row wpb_row section vc_row-fluid \" style=' text-align:left;'><div class=\" full_section_inner clearfix\"><div class=\"wpb_column vc_column_container vc_col-sm-12\"><div class=\"vc_column-inner\"><div class=\"wpb_wrapper\"><div class=\"wpb_revslider_element wpb_content_element\"><link href=\"https:\/\/fonts.googleapis.com\/css?family=Kanit:600%2C500%7CLato:700\" rel=\"stylesheet\" property=\"stylesheet\" type=\"text\/css\" media=\"all\">\n<div id=\"rev_slider_10_1_wrapper\" class=\"rev_slider_wrapper fullscreen-container\" data-source=\"gallery\" style=\"background:#080808;padding:0px;\">\n<!-- START REVOLUTION SLIDER 5.4.8 fullscreen mode -->\n\t<div id=\"rev_slider_10_1\" class=\"rev_slider fullscreenbanner\" style=\"display:none;\" data-version=\"5.4.8\">\n<ul>\t<!-- SLIDE  -->\n\t<li data-index=\"rs-27\" data-transition=\"fade\" data-slotamount=\"default\" data-hideafterloop=\"0\" data-hideslideonmobile=\"off\"  data-easein=\"default\" data-easeout=\"default\" data-masterspeed=\"default\"  data-thumb=\"https:\/\/www.hotelarcadien.com\/wp-content\/uploads\/2019\/01\/bandeau-se\u0301minaires-1-100x50.gif\"  data-rotate=\"0\"  data-saveperformance=\"off\"  data-mediafilter=\"mayfair\" data-title=\"Slide\" data-param1=\"\" data-param2=\"\" data-param3=\"\" data-param4=\"\" data-param5=\"\" data-param6=\"\" data-param7=\"\" data-param8=\"\" data-param9=\"\" data-param10=\"\" data-description=\"\">\n\t\t<!-- MAIN IMAGE -->\n\t\t<img loading=\"lazy\" decoding=\"async\" src=\"https:\/\/www.hotelarcadien.com\/wp-content\/uploads\/2019\/01\/bandeau-se\u0301minaires-1.gif\"  alt=\"\" title=\"h\u00f4tel arcadien les arcs\"  width=\"1920\" height=\"800\" data-bgposition=\"center center\" data-bgfit=\"cover\" data-bgrepeat=\"no-repeat\" data-bgparallax=\"off\" class=\"rev-slidebg\" data-no-retina>\n\t\t<!-- LAYERS -->\n\n\t\t<!-- LAYER NR. 1 -->\n\t\t<div class=\"tp-caption  \" \n\t\t\t id=\"slide-27-layer-2\" \n\t\t\t data-x=\"['left','left','left','left']\" data-hoffset=\"['9','9','19','1']\" \n\t\t\t data-y=\"['middle','middle','middle','middle']\" data-voffset=\"['-176','-193','-243','-274']\" \n\t\t\t\t\t\tdata-fontsize=\"['80','80','60','40']\"\n\t\t\tdata-fontweight=\"['600','500','500','500']\"\n\t\t\tdata-letterspacing=\"['13','13','13','7']\"\n\t\t\tdata-width=\"none\"\n\t\t\tdata-height=\"none\"\n\t\t\tdata-whitespace=\"nowrap\"\n \n\t\t\tdata-type=\"text\" \n\t\t\tdata-responsive_offset=\"on\" \n\t\t\tdata-responsive=\"off\"\n\t\t\tdata-frames='[{\"delay\":0,\"speed\":500,\"frame\":\"0\",\"from\":\"x:50px;opacity:0;\",\"to\":\"o:1;\",\"ease\":\"Power1.easeOut\"},{\"delay\":\"+-500\",\"speed\":300,\"frame\":\"999\",\"to\":\"opacity:0;\",\"ease\":\"Power1.easeOut\"}]'\n\t\t\tdata-textAlign=\"['inherit','inherit','inherit','inherit']\"\n\t\t\tdata-paddingtop=\"[0,0,0,0]\"\n\t\t\tdata-paddingright=\"[0,0,0,0]\"\n\t\t\tdata-paddingbottom=\"[0,0,0,0]\"\n\t\t\tdata-paddingleft=\"[0,0,0,0]\"\n\n\t\t\tstyle=\"z-index: 5; white-space: nowrap; font-size: 80px; line-height: 83px; font-weight: 600; color: #1f2a36; letter-spacing: 13px;font-family:Kanit;\">SEMINAIRES <\/div>\n\n\t\t<!-- LAYER NR. 2 -->\n\t\t<div class=\"tp-caption  \" \n\t\t\t id=\"slide-27-layer-5\" \n\t\t\t data-x=\"['left','left','left','left']\" data-hoffset=\"['12','7','22','0']\" \n\t\t\t data-y=\"['middle','middle','middle','middle']\" data-voffset=\"['-32','-48','-115','-139']\" \n\t\t\t\t\t\tdata-fontsize=\"['26','26','24','18']\"\n\t\t\tdata-width=\"['760','603','503','336']\"\n\t\t\tdata-height=\"['97','67','68','134']\"\n\t\t\tdata-whitespace=\"normal\"\n \n\t\t\tdata-type=\"text\" \n\t\t\tdata-responsive_offset=\"on\" \n\t\t\tdata-responsive=\"off\"\n\t\t\tdata-frames='[{\"delay\":0,\"speed\":500,\"frame\":\"0\",\"from\":\"x:50px;opacity:0;\",\"to\":\"o:1;\",\"ease\":\"Power1.easeOut\"},{\"delay\":\"+-500\",\"speed\":300,\"frame\":\"999\",\"to\":\"opacity:0;\",\"ease\":\"Power1.easeOut\"}]'\n\t\t\tdata-textAlign=\"['inherit','inherit','inherit','inherit']\"\n\t\t\tdata-paddingtop=\"[0,0,0,0]\"\n\t\t\tdata-paddingright=\"[0,0,0,0]\"\n\t\t\tdata-paddingbottom=\"[0,0,0,0]\"\n\t\t\tdata-paddingleft=\"[0,0,0,0]\"\n\n\t\t\tstyle=\"z-index: 6; min-width: 760px; max-width: 760px; max-width: 97px; max-width: 97px; white-space: normal; font-size: 26px; line-height: 32px; font-weight: 700; color: #1f2a36; letter-spacing: 0px;font-family:Lato;\">Conjuguez travail et (beaucoup) de plaisir\n <\/div>\n\t<\/li>\n<\/ul>\n<div class=\"tp-bannertimer tp-bottom\" style=\"visibility: hidden !important;\"><\/div>\t<\/div>\n<script>var htmlDiv = document.getElementById(\"rs-plugin-settings-inline-css\"); var htmlDivCss=\"\";\r\n\t\t\t\tif(htmlDiv) {\r\n\t\t\t\t\thtmlDiv.innerHTML = htmlDiv.innerHTML + htmlDivCss;\r\n\t\t\t\t}else{\r\n\t\t\t\t\tvar htmlDiv = document.createElement(\"div\");\r\n\t\t\t\t\thtmlDiv.innerHTML = \"<style>\" + htmlDivCss + \"<\/style>\";\r\n\t\t\t\t\tdocument.getElementsByTagName(\"head\")[0].appendChild(htmlDiv.childNodes[0]);\r\n\t\t\t\t}\r\n\t\t\t<\/script>\n\t\t<script type=\"text\/javascript\">\r\nif (setREVStartSize!==undefined) setREVStartSize(\r\n\t{c: '#rev_slider_10_1', responsiveLevels: [1240,1024,778,480], gridwidth: [1200,1200,1024,480], gridheight: [868,768,960,720], sliderLayout: 'fullscreen', fullScreenAutoWidth:'off', fullScreenAlignForce:'off', fullScreenOffsetContainer:'', fullScreenOffset:'80'});\r\n\t\t\t\r\nvar revapi10,\r\n\ttpj;\t\r\n(function() {\t\t\t\r\n\tif (!\/loaded|interactive|complete\/.test(document.readyState)) document.addEventListener(\"DOMContentLoaded\",onLoad); else onLoad();\t\r\n\tfunction onLoad() {\t\t\t\t\r\n\t\tif (tpj===undefined) { tpj = jQuery; if(\"off\" == \"on\") tpj.noConflict();}\r\n\tif(tpj(\"#rev_slider_10_1\").revolution == undefined){\n\t\trevslider_showDoubleJqueryError(\"#rev_slider_10_1\");\n\t}else{\n\t\trevapi10 = tpj(\"#rev_slider_10_1\").show().revolution({\n\t\t\tsliderType:\"hero\",\n\t\t\tjsFileLocation:\"\/\/www.hotelarcadien.com\/wp-content\/plugins\/revslider\/public\/assets\/js\/\",\n\t\t\tsliderLayout:\"fullscreen\",\n\t\t\tdottedOverlay:\"none\",\n\t\t\tdelay:3500,\n\t\t\tresponsiveLevels:[1240,1024,778,480],\n\t\t\tvisibilityLevels:[1240,1024,778,480],\n\t\t\tgridwidth:[1200,1200,1024,480],\n\t\t\tgridheight:[868,768,960,720],\n\t\t\tlazyType:\"none\",\n\t\t\tparallax: {\n\t\t\t\ttype:\"mouse\",\n\t\t\t\torigo:\"enterpoint\",\n\t\t\t\tspeed:400,\n\t\t\t\tspeedbg:0,\n\t\t\t\tspeedls:0,\n\t\t\t\tlevels:[5,10,15,20,25,30,35,40,45,46,47,48,49,50,51,55],\n\t\t\t},\n\t\t\tshadow:0,\n\t\t\tspinner:\"spinner4\",\n\t\t\tautoHeight:\"off\",\n\t\t\tfullScreenAutoWidth:\"off\",\n\t\t\tfullScreenAlignForce:\"off\",\n\t\t\tfullScreenOffsetContainer: \"\",\n\t\t\tfullScreenOffset: \"80\",\n\t\t\tdisableProgressBar:\"on\",\n\t\t\thideThumbsOnMobile:\"off\",\n\t\t\thideSliderAtLimit:0,\n\t\t\thideCaptionAtLimit:0,\n\t\t\thideAllCaptionAtLilmit:0,\n\t\t\tdebugMode:false,\n\t\t\tfallbacks: {\n\t\t\t\tsimplifyAll:\"off\",\n\t\t\t\tdisableFocusListener:false,\n\t\t\t}\n\t\t});\n\t}; \/* END OF revapi call *\/\n\t\n }; \/* END OF ON LOAD FUNCTION *\/\r\n}()); \/* END OF WRAPPING FUNCTION *\/\r\n<\/script>\r\n\t\t<script>\r\n\t\t\t\t\tvar htmlDivCss = '\t#rev_slider_10_1_wrapper .tp-loader.spinner4 div { background-color: #FFFFFF !important; } ';\r\n\t\t\t\t\tvar htmlDiv = document.getElementById('rs-plugin-settings-inline-css');\r\n\t\t\t\t\tif(htmlDiv) {\r\n\t\t\t\t\t\thtmlDiv.innerHTML = htmlDiv.innerHTML + htmlDivCss;\r\n\t\t\t\t\t}\r\n\t\t\t\t\telse{\r\n\t\t\t\t\t\tvar htmlDiv = document.createElement('div');\r\n\t\t\t\t\t\thtmlDiv.innerHTML = '<style>' + htmlDivCss + '<\/style>';\r\n\t\t\t\t\t\tdocument.getElementsByTagName('head')[0].appendChild(htmlDiv.childNodes[0]);\r\n\t\t\t\t\t}\r\n\t\t\t\t\t<\/script>\r\n\t\t\t\t\t<\/div><!-- END REVOLUTION SLIDER --><\/div><\/div><\/div><\/div><\/div><\/div><div      class=\"vc_row wpb_row section vc_row-fluid  grid_section\" style='background-color:#1f2a36; padding-top:60px; padding-bottom:40px; text-align:left;'><div class=\" section_inner clearfix\"><div class='section_inner_margin clearfix'><div class=\"wpb_column vc_column_container vc_col-sm-12 vc_col-md-5\"><div class=\"vc_column-inner\"><div class=\"wpb_wrapper\"><div class='q_elements_holder one_column responsive_mode_from_768' ><div class='q_elements_item ' data-animation='no'><div class='q_elements_item_inner'><div class='q_elements_item_content q_elements_holder_custom_843201' style='padding:0px 40px 0 0'><style type=\"text\/css\" data-type=\"q_elements_custom_padding\" scoped>@media only screen and (min-width: 1024px) and (max-width: 1280px) { .q_elements_item_content.q_elements_holder_custom_843201{ padding: 72px 40px 0 0 !important;}}@media only screen and (min-width: 768px) and (max-width: 1024px) { .q_elements_item_content.q_elements_holder_custom_843201{ padding: 35px 40px 0 0 !important;}}@media only screen and (min-width: 600px) and (max-width: 768px) { .q_elements_item_content.q_elements_holder_custom_843201{ padding: 0px 40px 60px 0 !important;}}<\/style>\n\t<div class=\"wpb_text_column wpb_content_element \">\n\t\t<div class=\"wpb_wrapper\">\n\t\t\t<h2><span style=\"color: #f7f7f0;\">S\u00e9minaires<\/span><\/h2>\n\n\t\t<\/div> \n\t<\/div> <div class=\"separator  small left  \" style=\"margin-top: 28px;margin-bottom: 32px;background-color: #c7a082;height: 1px;width: 63px;\"><\/div>\n\n\t<div class=\"wpb_text_column wpb_content_element \">\n\t\t<div class=\"wpb_wrapper\">\n\t\t\t<p style=\"text-align: left;\"><span style=\"color: #f7f7f0;\">Lieu par excellence pour un s\u00e9jour incentive, un comit\u00e9 de direction ou une s\u00e9ance de travail au sommet, l\u2019Arcadien H\u00f4tel &amp; Spa saura vous proposer la formule id\u00e9ale pour atteindre les objectifs de votre \u00e9v\u00e9nement.<\/span><br \/>\n<span style=\"color: #f7f7f0;\">L\u2019atmosph\u00e8re conviviale et chaleureuse de l\u2019h\u00f4tel et le grand air pur des Alpes agissent comme de formidables vecteurs d\u2019enthousiasme et de r\u00e9ussite.<\/span><\/p>\n<p style=\"text-align: left;\"><span style=\"color: #f7f7f0;\">Tous les d\u00e9fis sont possibles\u2026<\/span><\/p>\n<p style=\"text-align: left;\"><span style=\"color: #f7f7f0;\">Ski en poudreuse &#8211; ski jo\u00ebring &#8211; bosleigh &#8211; parapente &#8211; marche en raquettes &#8211; rally &#8211; d\u00e9couverte &#8211; d\u00e9gustation \u00e0 l\u2019aveugle de fromages ou de miels &#8211; luge &#8211; motoneige.<\/span><\/p>\n<p style=\"text-align: left;\"><span style=\"color: #f7f7f0;\">Et\u00e9 comme hiver, l\u2019\u00e9quipe de l\u2019Arcadien H\u00f4tel &amp; Spa est \u00e0 votre disposition pour cr\u00e9er avec vous votre s\u00e9jour.<\/span><\/p>\n\n\t\t<\/div> \n\t<\/div> \t<div class=\"vc_empty_space\"  style=\"height: 32px\" ><span\n\t\t\tclass=\"vc_empty_space_inner\">\n\t\t\t<span class=\"empty_space_image\"  ><\/span>\n\t\t<\/span><\/div>\n\n\n\n\t<a href=\"https:\/\/www.hotel-arcadien.com\/wp-content\/uploads\/2019\/06\/ARCADIEN-FICHE-S\u00c9MINAIRE-2019.pdf\" target=\"_blank\" style=\"color: #ffffff;background-color: #999087\" class=\"qode-btn qode-btn-medium qode-btn-solid qode-btn-custom-hover-bg qode-btn-custom-hover-color qode-btn-default-hover\" data-hover-bg-color=\"#1f2a36\" data-hover-color=\"#ffffff\" >\n\t    <span class=\"qode-btn-text\">Fiche Technique<\/span>\t<\/a>\n\n\t<div class=\"vc_empty_space\"  style=\"height: 32px\" ><span\n\t\t\tclass=\"vc_empty_space_inner\">\n\t\t\t<span class=\"empty_space_image\"  ><\/span>\n\t\t<\/span><\/div>\n\n\n\n\t<a href=\"https:\/\/hotel-arcadien.com\/wp-content\/uploads\/2023\/10\/Arcadien-Tarifs-Seminaires-Hiver-2024-.pdf\" target=\"_blank\" style=\"color: #ffffff;background-color: #999087\" class=\"qode-btn qode-btn-medium qode-btn-solid qode-btn-custom-hover-bg qode-btn-custom-hover-color qode-btn-default-hover\" data-hover-bg-color=\"#1f2a36\" data-hover-color=\"#ffffff\" >\n\t    <span class=\"qode-btn-text\">Tarifs<\/span>\t<\/a>\n\n\t<div class=\"vc_empty_space\"  style=\"height: 32px\" ><span\n\t\t\tclass=\"vc_empty_space_inner\">\n\t\t\t<span class=\"empty_space_image\"  ><\/span>\n\t\t<\/span><\/div>\n\n<\/div><\/div><\/div><\/div><\/div><\/div><\/div><div class=\"wpb_column vc_column_container vc_col-sm-12 vc_col-md-7\"><div class=\"vc_column-inner\"><div class=\"wpb_wrapper\"><div class=\"wpb_gallery wpb_content_element vc_clearfix\"><div class=\"wpb_wrapper\"><div class=\"wpb_gallery_slides wpb_flexslider flexslider_fade flexslider\" data-interval=\"3\" data-flex_fx=\"fade\"><ul class=\"slides\"><li><a itemprop=\"image\" class=\"qode-prettyphoto\" href=\"https:\/\/www.hotelarcadien.com\/wp-content\/uploads\/2019\/01\/team-seminaires.gif\" data-rel=\"prettyPhoto[rel-119-1205128569]\"><img loading=\"lazy\" decoding=\"async\" width=\"800\" height=\"533\" src=\"https:\/\/www.hotelarcadien.com\/wp-content\/uploads\/2019\/01\/team-seminaires.gif\" class=\"attachment-full\" alt=\"\" \/><\/a><\/li><li><a itemprop=\"image\" class=\"qode-prettyphoto\" href=\"https:\/\/www.hotelarcadien.com\/wp-content\/uploads\/2019\/01\/dylan-gillis-533818-unsplash.jpg\" data-rel=\"prettyPhoto[rel-119-1205128569]\"><img loading=\"lazy\" decoding=\"async\" width=\"800\" height=\"533\" src=\"https:\/\/www.hotelarcadien.com\/wp-content\/uploads\/2019\/01\/dylan-gillis-533818-unsplash.jpg\" class=\"attachment-full\" alt=\"\" srcset=\"https:\/\/www.hotelarcadien.com\/wp-content\/uploads\/2019\/01\/dylan-gillis-533818-unsplash.jpg 800w, https:\/\/www.hotelarcadien.com\/wp-content\/uploads\/2019\/01\/dylan-gillis-533818-unsplash-300x200.jpg 300w, https:\/\/www.hotelarcadien.com\/wp-content\/uploads\/2019\/01\/dylan-gillis-533818-unsplash-768x512.jpg 768w, https:\/\/www.hotelarcadien.com\/wp-content\/uploads\/2019\/01\/dylan-gillis-533818-unsplash-700x466.jpg 700w\" sizes=\"(max-width: 800px) 100vw, 800px\" \/><\/a><\/li><li><a itemprop=\"image\" class=\"qode-prettyphoto\" href=\"https:\/\/www.hotelarcadien.com\/wp-content\/uploads\/2019\/01\/cynthia-andres-346540-unsplash.jpg\" data-rel=\"prettyPhoto[rel-119-1205128569]\"><img loading=\"lazy\" decoding=\"async\" width=\"800\" height=\"533\" src=\"https:\/\/www.hotelarcadien.com\/wp-content\/uploads\/2019\/01\/cynthia-andres-346540-unsplash.jpg\" class=\"attachment-full\" alt=\"\" srcset=\"https:\/\/www.hotelarcadien.com\/wp-content\/uploads\/2019\/01\/cynthia-andres-346540-unsplash.jpg 800w, https:\/\/www.hotelarcadien.com\/wp-content\/uploads\/2019\/01\/cynthia-andres-346540-unsplash-300x200.jpg 300w, https:\/\/www.hotelarcadien.com\/wp-content\/uploads\/2019\/01\/cynthia-andres-346540-unsplash-768x512.jpg 768w, https:\/\/www.hotelarcadien.com\/wp-content\/uploads\/2019\/01\/cynthia-andres-346540-unsplash-700x466.jpg 700w\" sizes=\"(max-width: 800px) 100vw, 800px\" \/><\/a><\/li><\/ul><\/div><\/div><\/div><\/div><\/div><\/div><\/div><\/div><\/div><div      class=\"vc_row wpb_row section vc_row-fluid  vc_custom_1547567727944 grid_section\" style='background-color:#999087; border-bottom: 1px solid #999087; padding-top:89px; padding-bottom:57px; text-align:center;'><div class=\" section_inner clearfix\"><div class='section_inner_margin clearfix'><div class=\"wpb_column vc_column_container vc_col-sm-12 vc_col-lg-3 vc_col-md-6\"><div class=\"vc_column-inner\"><div class=\"wpb_wrapper\"><div class=\"q_counter_holder  center\" style=\"\"><span class=\"counter  random\" style=\"color: #1f2a36;\">+ 30<\/span><p class=\"counter_text\" style=\"\">Activit\u00e9s sportivo-ludiques<\/p><\/div>\t<div class=\"vc_empty_space\"  style=\"height: 30px\" ><span\n\t\t\tclass=\"vc_empty_space_inner\">\n\t\t\t<span class=\"empty_space_image\"  ><\/span>\n\t\t<\/span><\/div>\n\n<\/div><\/div><\/div><div class=\"wpb_column vc_column_container vc_col-sm-12 vc_col-lg-3 vc_col-md-6\"><div class=\"vc_column-inner\"><div class=\"wpb_wrapper\"><div class=\"q_counter_holder  center\" style=\"\"><span class=\"counter  zero\" style=\"color: #1f2a36;\">14<\/span><p class=\"counter_text\" style=\"\">S\u00e9minaires en 2022<\/p><\/div>\t<div class=\"vc_empty_space\"  style=\"height: 30px\" ><span\n\t\t\tclass=\"vc_empty_space_inner\">\n\t\t\t<span class=\"empty_space_image\"  ><\/span>\n\t\t<\/span><\/div>\n\n<\/div><\/div><\/div><div class=\"wpb_column vc_column_container vc_col-sm-12 vc_col-lg-3 vc_col-md-6\"><div class=\"vc_column-inner\"><div class=\"wpb_wrapper\"><div class=\"q_counter_holder  center\" style=\"\"><span class=\"counter  zero\" style=\"color: #1f2a36;\">200<\/span><p class=\"counter_text\" style=\"\">Battements de coeur minute<\/p><\/div>\t<div class=\"vc_empty_space\"  style=\"height: 30px\" ><span\n\t\t\tclass=\"vc_empty_space_inner\">\n\t\t\t<span class=\"empty_space_image\"  ><\/span>\n\t\t<\/span><\/div>\n\n<\/div><\/div><\/div><div class=\"wpb_column vc_column_container vc_col-sm-12 vc_col-lg-3 vc_col-md-6\"><div class=\"vc_column-inner\"><div class=\"wpb_wrapper\"><div class=\"q_counter_holder  center\" style=\"\"><span class=\"counter  zero\" style=\"color: #1f2a36;\">1000<\/span><p class=\"counter_text\" style=\"\">Souvenirs, rires et rencontres<\/p><\/div>\t<div class=\"vc_empty_space\"  style=\"height: 30px\" ><span\n\t\t\tclass=\"vc_empty_space_inner\">\n\t\t\t<span class=\"empty_space_image\"  ><\/span>\n\t\t<\/span><\/div>\n\n<\/div><\/div><\/div><\/div><\/div><\/div>\n","protected":false},"excerpt":{"rendered":"SEMINAIRES Conjuguez travail et (beaucoup) de plaisir var htmlDiv = document.getElementById(\"rs-plugin-settings-inline-css\"); var htmlDivCss=\"\"; if(htmlDiv) { htmlDiv.innerHTML = htmlDiv.innerHTML + htmlDivCss; }else{ var htmlDiv = document.createElement(\"div\"); htmlDiv.innerHTML = \"\" + htmlDivCss + \"\"; document.getElementsByTagName(\"head\")[0].appendChild(htmlDiv.childNodes[0]); } if (setREVStartSize!==undefined) setREVStartSize( {c: '#rev_slider_10_2', responsiveLevels: [1240,1024,778,480], gridwidth: [1200,1200,1024,480], gridheight: [868,768,960,720],...","protected":false},"author":1,"featured_media":0,"parent":0,"menu_order":0,"comment_status":"closed","ping_status":"closed","template":"full_width.php","meta":{"_exactmetrics_skip_tracking":false,"_exactmetrics_sitenote_active":false,"_exactmetrics_sitenote_note":"","_exactmetrics_sitenote_category":0,"footnotes":""},"_links":{"self":[{"href":"https:\/\/www.hotelarcadien.com\/he\/wp-json\/wp\/v2\/pages\/119"}],"collection":[{"href":"https:\/\/www.hotelarcadien.com\/he\/wp-json\/wp\/v2\/pages"}],"about":[{"href":"https:\/\/www.hotelarcadien.com\/he\/wp-json\/wp\/v2\/types\/page"}],"author":[{"embeddable":true,"href":"https:\/\/www.hotelarcadien.com\/he\/wp-json\/wp\/v2\/users\/1"}],"replies":[{"embeddable":true,"href":"https:\/\/www.hotelarcadien.com\/he\/wp-json\/wp\/v2\/comments?post=119"}],"version-history":[{"count":28,"href":"https:\/\/www.hotelarcadien.com\/he\/wp-json\/wp\/v2\/pages\/119\/revisions"}],"predecessor-version":[{"id":1537,"href":"https:\/\/www.hotelarcadien.com\/he\/wp-json\/wp\/v2\/pages\/119\/revisions\/1537"}],"wp:attachment":[{"href":"https:\/\/www.hotelarcadien.com\/he\/wp-json\/wp\/v2\/media?parent=119"}],"curies":[{"name":"wp","href":"https:\/\/api.w.org\/{rel}","templated":true}]}}